{"id":109,"date":"2014-11-23T19:37:43","date_gmt":"2014-11-23T19:37:43","guid":{"rendered":"http:\/\/arhivaascendent.ro\/?page_id=109"},"modified":"2024-03-15T09:21:51","modified_gmt":"2024-03-15T09:21:51","slug":"kapcsolat","status":"publish","type":"page","link":"http:\/\/arhivaascendent.ro\/hu\/kapcsolat\/","title":{"rendered":"Kapcsolat"},"content":{"rendered":"<p>S.C. ASCENDENT S.R.L.<br \/>\nSz\u00e9kelykereszt\u00far,<\/p>\n<p>Harghita Megye<br \/>\nGy\u00e1r utca 14 sz\u00e1m<\/p>\n<p>Romania<br \/>\nTEL.004- 0744-820-030<br \/>\n004-0753-210-913<br \/>\nE-mail:<br \/>\noffice@arhivaascendent.ro<\/p>\n","protected":false},"excerpt":{"rendered":"<p>S.C. ASCENDENT S.R.L. Sz\u00e9kelykereszt\u00far, Harghita Megye Gy\u00e1r utca 14 sz\u00e1m Romania TEL.004- 0744-820-030 004-0753-210-913 E-mail: office@arhivaascendent.ro<\/p>\n","protected":false},"author":1,"featured_media":0,"parent":0,"menu_order":0,"comment_status":"open","ping_status":"open","template":"","meta":{"ngg_post_thumbnail":0},"_links":{"self":[{"href":"http:\/\/arhivaascendent.ro\/hu\/wp-json\/wp\/v2\/pages\/109"}],"collection":[{"href":"http:\/\/arhivaascendent.ro\/hu\/wp-json\/wp\/v2\/pages"}],"about":[{"href":"http:\/\/arhivaascendent.ro\/hu\/wp-json\/wp\/v2\/types\/page"}],"author":[{"embeddable":true,"href":"http:\/\/arhivaascendent.ro\/hu\/wp-json\/wp\/v2\/users\/1"}],"replies":[{"embeddable":true,"href":"http:\/\/arhivaascendent.ro\/hu\/wp-json\/wp\/v2\/comments?post=109"}],"version-history":[{"count":4,"href":"http:\/\/arhivaascendent.ro\/hu\/wp-json\/wp\/v2\/pages\/109\/revisions"}],"predecessor-version":[{"id":428,"href":"http:\/\/arhivaascendent.ro\/hu\/wp-json\/wp\/v2\/pages\/109\/revisions\/428"}],"wp:attachment":[{"href":"http:\/\/arhivaascendent.ro\/hu\/wp-json\/wp\/v2\/media?parent=109"}],"curies":[{"name":"wp","href":"https:\/\/api.w.org\/{rel}","templated":true}]}}