{"id":107,"date":"2014-11-23T19:36:42","date_gmt":"2014-11-23T19:36:42","guid":{"rendered":"http:\/\/arhivaascendent.ro\/?page_id=107"},"modified":"2024-03-15T09:20:26","modified_gmt":"2024-03-15T09:20:26","slug":"contact-2","status":"publish","type":"page","link":"http:\/\/arhivaascendent.ro\/en\/contact-2\/","title":{"rendered":"Contact"},"content":{"rendered":"<p>Ascendent official details:<\/p>\n<p>&nbsp;<\/p>\n<p>Company name: S.C. ASCENDENT S.R.L.<\/p>\n<p>Registration number: J19\/650\/2008<\/p>\n<p>Managers: Enik\u0151 Iv\u00e1cson and&nbsp; &nbsp;Be\u00e1ta Iv\u00e1cson<\/p>\n<p>Address: 535400 Cristuru-Secuiesc, &nbsp;&nbsp;<\/p>\n<p>Str. Fabricii nr. 14,<\/p>\n<p>Jud. Harghita, &nbsp;&nbsp;Romania<\/p>\n<p>Tel: +40-744-820-030<\/p>\n<p>E-mail: office@arhivaascendent.ro<\/p>\n<p>Website: wwww.arhivaascendent.ro<\/p>\n<p>&nbsp;<\/p>\n","protected":false},"excerpt":{"rendered":"<p>Ascendent official details: &nbsp; Company name: S.C. ASCENDENT S.R.L. Registration number: J19\/650\/2008 Managers: Enik\u0151 Iv\u00e1cson and&nbsp; &nbsp;Be\u00e1ta Iv\u00e1cson Address: 535400 Cristuru-Secuiesc, &nbsp;&nbsp; Str. Fabricii nr. 14, Jud. Harghita, &nbsp;&nbsp;Romania Tel: +40-744-820-030 E-mail: office@arhivaascendent.ro Website: wwww.arhivaascendent.ro &nbsp;<\/p>\n","protected":false},"author":1,"featured_media":0,"parent":0,"menu_order":0,"comment_status":"open","ping_status":"open","template":"","meta":{"ngg_post_thumbnail":0},"_links":{"self":[{"href":"http:\/\/arhivaascendent.ro\/en\/wp-json\/wp\/v2\/pages\/107"}],"collection":[{"href":"http:\/\/arhivaascendent.ro\/en\/wp-json\/wp\/v2\/pages"}],"about":[{"href":"http:\/\/arhivaascendent.ro\/en\/wp-json\/wp\/v2\/types\/page"}],"author":[{"embeddable":true,"href":"http:\/\/arhivaascendent.ro\/en\/wp-json\/wp\/v2\/users\/1"}],"replies":[{"embeddable":true,"href":"http:\/\/arhivaascendent.ro\/en\/wp-json\/wp\/v2\/comments?post=107"}],"version-history":[{"count":6,"href":"http:\/\/arhivaascendent.ro\/en\/wp-json\/wp\/v2\/pages\/107\/revisions"}],"predecessor-version":[{"id":427,"href":"http:\/\/arhivaascendent.ro\/en\/wp-json\/wp\/v2\/pages\/107\/revisions\/427"}],"wp:attachment":[{"href":"http:\/\/arhivaascendent.ro\/en\/wp-json\/wp\/v2\/media?parent=107"}],"curies":[{"name":"wp","href":"https:\/\/api.w.org\/{rel}","templated":true}]}}